{"id":33356,"date":"2025-09-10T05:36:35","date_gmt":"2025-09-10T10:36:35","guid":{"rendered":"https:\/\/transformaciondigital.supertransporte.gov.co\/?page_id=33356"},"modified":"2025-09-10T05:45:21","modified_gmt":"2025-09-10T10:45:21","slug":"solicitud-acuerdos-de-pago","status":"publish","type":"page","link":"https:\/\/transformaciondigital.supertransporte.gov.co\/index.php\/solicitud-acuerdos-de-pago\/","title":{"rendered":"Solicitud acuerdos de pago"},"content":{"rendered":"<p><div class=\"fusion-fullwidth fullwidth-box fusion-builder-row-1 fusion-flex-container has-pattern-background has-mask-background nonhundred-percent-fullwidth non-hundred-percent-height-scrolling\" style=\"--link_color: #da723f;--awb-border-sizes-top:2px;--awb-border-radius-top-left:0px;--awb-border-radius-top-right:0px;--awb-border-radius-bottom-right:0px;--awb-border-radius-bottom-left:0px;--awb-padding-right:8vw;--awb-padding-left:8vw;--awb-flex-wrap:wrap;\" ><div class=\"fusion-builder-row fusion-row fusion-flex-align-items-flex-start fusion-flex-content-wrap\" style=\"max-width:104%;margin-left: calc(-4% \/ 2 );margin-right: calc(-4% \/ 2 );\"><div class=\"fusion-layout-column fusion_builder_column fusion-builder-column-0 fusion_builder_column_1_1 1_1 fusion-flex-column\" style=\"--awb-bg-size:cover;--awb-width-large:100%;--awb-margin-top-large:0px;--awb-spacing-right-large:1.92%;--awb-margin-bottom-large:0px;--awb-spacing-left-large:1.92%;--awb-width-medium:100%;--awb-order-medium:0;--awb-spacing-right-medium:1.92%;--awb-spacing-left-medium:1.92%;--awb-width-small:100%;--awb-order-small:0;--awb-spacing-right-small:1.92%;--awb-spacing-left-small:1.92%;\"><div class=\"fusion-column-wrapper fusion-column-has-shadow fusion-flex-justify-content-flex-start fusion-content-layout-column\"><div class=\"fusion-separator fusion-full-width-sep\" style=\"align-self: center;margin-left: auto;margin-right: auto;margin-top:10px;margin-bottom:10px;width:100%;\"><\/div><div class=\"fusion-text fusion-text-1\"><p style=\"text-align: left;\"><span style=\"color: #004884; font-size: 14px;\"><span style=\"text-decoration: underline;\"><a style=\"color: #004884; text-decoration: underline;\" title=\"Acceder a la p\u00e1gina\" href=\"https:\/\/transformaciondigital.supertransporte.gov.co\/\">Inicio<\/a><\/span> \/ <a href=\"https:\/\/transformaciondigital.supertransporte.gov.co\/index.php\/aplicaciones\/\"><span style=\"text-decoration: underline;\">Aplicaciones de la Supertransporte<\/span><\/a><strong> \/ Solicitud acuerdos de pago<\/strong><\/span><\/p>\n<\/div><div class=\"fusion-separator fusion-full-width-sep\" style=\"align-self: center;margin-left: auto;margin-right: auto;margin-top:10px;margin-bottom:10px;width:100%;\"><\/div><\/div><\/div><\/div><\/div><div class=\"fusion-fullwidth fullwidth-box fusion-builder-row-2 fusion-flex-container has-pattern-background has-mask-background nonhundred-percent-fullwidth non-hundred-percent-height-scrolling\" style=\"--awb-border-radius-top-left:0px;--awb-border-radius-top-right:0px;--awb-border-radius-bottom-right:0px;--awb-border-radius-bottom-left:0px;--awb-padding-right:8vw;--awb-padding-left:8vw;--awb-flex-wrap:wrap;\" ><div class=\"fusion-builder-row fusion-row fusion-flex-align-items-flex-start fusion-flex-content-wrap\" style=\"max-width:104%;margin-left: calc(-4% \/ 2 );margin-right: calc(-4% \/ 2 );\"><div class=\"fusion-layout-column fusion_builder_column fusion-builder-column-1 fusion_builder_column_1_1 1_1 fusion-flex-column\" style=\"--awb-bg-size:cover;--awb-width-large:100%;--awb-margin-top-large:0px;--awb-spacing-right-large:1.92%;--awb-margin-bottom-large:0px;--awb-spacing-left-large:1.92%;--awb-width-medium:100%;--awb-order-medium:0;--awb-spacing-right-medium:1.92%;--awb-spacing-left-medium:1.92%;--awb-width-small:100%;--awb-order-small:0;--awb-spacing-right-small:1.92%;--awb-spacing-left-small:1.92%;\"><div class=\"fusion-column-wrapper fusion-column-has-shadow fusion-flex-justify-content-flex-start fusion-content-layout-column\"><div class=\"fusion-text fusion-text-2\"><p><strong><span style=\"font-size: 20px;\">Solicitud acuerdos de pago<\/span><\/strong><\/p>\n<p>&nbsp;<\/p>\n<ul>\n<li>\n<p>Descargue el formulario de solicitud de acuerdo de pago, el cual posteriormente deber\u00e1 ser radicado ante la Superintendencia de Transporte a trav\u00e9s de la p\u00e1gina:<span style=\"text-decoration: underline;\">\u00a0<\/span><a title=\"Acceder a la p\u00e1gina\" href=\"https:\/\/www.supertransporte.gov.co\/index.php\/peticiones-quejas-y-reclamos\/\" target=\"_blank\" rel=\"noopener\"><span style=\"text-decoration: underline;\">https:\/\/www.supertransporte.gov.co\/index.php\/peticiones-quejas-y-reclamos\/<\/span><\/a><\/p>\n<\/li>\n<li>\n<p>Lo anterior teniendo en cuenta los requisitos indicados en el \u201cABC Facilidades de Pago\u201d disponible en el siguiente enlace:\u00a0<a title=\"Descargar archivo\" href=\"https:\/\/www.supertransporte.gov.co\/documentos\/2021\/Marzo\/Financiera_11\/ABC-FACILIDAD-DE-PAGO.pdf\" target=\"_blank\" rel=\"noopener\"><span style=\"text-decoration: underline;\">https:\/\/www.supertransporte.gov.co\/documentos\/2021\/Marzo\/Financiera_11\/ABC-FACILIDAD-DE-PAGO.pdf<\/span><\/a><\/p>\n<\/li>\n<\/ul>\n<p>&nbsp;<\/p>\n<p>&nbsp;<\/p>\n<p><embed src=\"https:\/\/www.supertransporte.gov.co\/documentos\/2022\/Marzo\/OTIC_09\/GF-FR-002-Solicitud-de-acuerdo-de-pago-2021.pdf\" type=\"application\/pdf\" width=\"100%\" height=\"600px\"><\/embed><\/p>\n<\/div><\/div><\/div><\/div><\/div><\/p>\n","protected":false},"excerpt":{"rendered":"","protected":false},"author":11,"featured_media":0,"parent":0,"menu_order":0,"comment_status":"closed","ping_status":"closed","template":"","meta":{"footnotes":""},"class_list":["post-33356","page","type-page","status-publish","hentry"],"yoast_head":"<!-- This site is optimized with the Yoast SEO plugin v27.4 - https:\/\/yoast.com\/product\/yoast-seo-wordpress\/ -->\n<title>Solicitud acuerdos de pago - SuperTransporte Digital<\/title>\n<meta name=\"robots\" content=\"index, follow, max-snippet:-1, max-image-preview:large, max-video-preview:-1\" \/>\n<link rel=\"canonical\" href=\"https:\/\/transformaciondigital.supertransporte.gov.co\/index.php\/solicitud-acuerdos-de-pago\/\" \/>\n<meta property=\"og:locale\" content=\"es_ES\" \/>\n<meta property=\"og:type\" content=\"article\" \/>\n<meta property=\"og:title\" content=\"Solicitud acuerdos de pago - SuperTransporte Digital\" \/>\n<meta property=\"og:url\" content=\"https:\/\/transformaciondigital.supertransporte.gov.co\/index.php\/solicitud-acuerdos-de-pago\/\" \/>\n<meta property=\"og:site_name\" content=\"SuperTransporte Digital\" \/>\n<meta property=\"article:modified_time\" content=\"2025-09-10T10:45:21+00:00\" \/>\n<meta name=\"twitter:card\" content=\"summary_large_image\" \/>\n<meta name=\"twitter:label1\" content=\"Tiempo de lectura\" \/>\n\t<meta name=\"twitter:data1\" content=\"1 minuto\" \/>\n<script type=\"application\/ld+json\" class=\"yoast-schema-graph\">{\"@context\":\"https:\\\/\\\/schema.org\",\"@graph\":[{\"@type\":\"WebPage\",\"@id\":\"https:\\\/\\\/transformaciondigital.supertransporte.gov.co\\\/index.php\\\/solicitud-acuerdos-de-pago\\\/\",\"url\":\"https:\\\/\\\/transformaciondigital.supertransporte.gov.co\\\/index.php\\\/solicitud-acuerdos-de-pago\\\/\",\"name\":\"Solicitud acuerdos de pago - SuperTransporte Digital\",\"isPartOf\":{\"@id\":\"https:\\\/\\\/transformaciondigital.supertransporte.gov.co\\\/#website\"},\"datePublished\":\"2025-09-10T10:36:35+00:00\",\"dateModified\":\"2025-09-10T10:45:21+00:00\",\"breadcrumb\":{\"@id\":\"https:\\\/\\\/transformaciondigital.supertransporte.gov.co\\\/index.php\\\/solicitud-acuerdos-de-pago\\\/#breadcrumb\"},\"inLanguage\":\"es\",\"potentialAction\":[{\"@type\":\"ReadAction\",\"target\":[\"https:\\\/\\\/transformaciondigital.supertransporte.gov.co\\\/index.php\\\/solicitud-acuerdos-de-pago\\\/\"]}]},{\"@type\":\"BreadcrumbList\",\"@id\":\"https:\\\/\\\/transformaciondigital.supertransporte.gov.co\\\/index.php\\\/solicitud-acuerdos-de-pago\\\/#breadcrumb\",\"itemListElement\":[{\"@type\":\"ListItem\",\"position\":1,\"name\":\"Portada\",\"item\":\"https:\\\/\\\/transformaciondigital.supertransporte.gov.co\\\/\"},{\"@type\":\"ListItem\",\"position\":2,\"name\":\"Solicitud acuerdos de pago\"}]},{\"@type\":\"WebSite\",\"@id\":\"https:\\\/\\\/transformaciondigital.supertransporte.gov.co\\\/#website\",\"url\":\"https:\\\/\\\/transformaciondigital.supertransporte.gov.co\\\/\",\"name\":\"SuperTransporte Digital\",\"description\":\"Portal digital de la Superintendencia de Transporte\",\"publisher\":{\"@id\":\"https:\\\/\\\/transformaciondigital.supertransporte.gov.co\\\/#organization\"},\"potentialAction\":[{\"@type\":\"SearchAction\",\"target\":{\"@type\":\"EntryPoint\",\"urlTemplate\":\"https:\\\/\\\/transformaciondigital.supertransporte.gov.co\\\/?s={search_term_string}\"},\"query-input\":{\"@type\":\"PropertyValueSpecification\",\"valueRequired\":true,\"valueName\":\"search_term_string\"}}],\"inLanguage\":\"es\"},{\"@type\":\"Organization\",\"@id\":\"https:\\\/\\\/transformaciondigital.supertransporte.gov.co\\\/#organization\",\"name\":\"Superintendencia de Transporte\",\"url\":\"https:\\\/\\\/transformaciondigital.supertransporte.gov.co\\\/\",\"logo\":{\"@type\":\"ImageObject\",\"inLanguage\":\"es\",\"@id\":\"https:\\\/\\\/transformaciondigital.supertransporte.gov.co\\\/#\\\/schema\\\/logo\\\/image\\\/\",\"url\":\"https:\\\/\\\/www.supertransporte.gov.co\\\/wp-content\\\/uploads\\\/2019\\\/02\\\/Mesa-de-trabajo-2.png\",\"contentUrl\":\"https:\\\/\\\/www.supertransporte.gov.co\\\/wp-content\\\/uploads\\\/2019\\\/02\\\/Mesa-de-trabajo-2.png\",\"width\":58,\"height\":58,\"caption\":\"Superintendencia de Transporte\"},\"image\":{\"@id\":\"https:\\\/\\\/transformaciondigital.supertransporte.gov.co\\\/#\\\/schema\\\/logo\\\/image\\\/\"}}]}<\/script>\n<!-- \/ Yoast SEO plugin. -->","yoast_head_json":{"title":"Solicitud acuerdos de pago - SuperTransporte Digital","robots":{"index":"index","follow":"follow","max-snippet":"max-snippet:-1","max-image-preview":"max-image-preview:large","max-video-preview":"max-video-preview:-1"},"canonical":"https:\/\/transformaciondigital.supertransporte.gov.co\/index.php\/solicitud-acuerdos-de-pago\/","og_locale":"es_ES","og_type":"article","og_title":"Solicitud acuerdos de pago - SuperTransporte Digital","og_url":"https:\/\/transformaciondigital.supertransporte.gov.co\/index.php\/solicitud-acuerdos-de-pago\/","og_site_name":"SuperTransporte Digital","article_modified_time":"2025-09-10T10:45:21+00:00","twitter_card":"summary_large_image","twitter_misc":{"Tiempo de lectura":"1 minuto"},"schema":{"@context":"https:\/\/schema.org","@graph":[{"@type":"WebPage","@id":"https:\/\/transformaciondigital.supertransporte.gov.co\/index.php\/solicitud-acuerdos-de-pago\/","url":"https:\/\/transformaciondigital.supertransporte.gov.co\/index.php\/solicitud-acuerdos-de-pago\/","name":"Solicitud acuerdos de pago - SuperTransporte Digital","isPartOf":{"@id":"https:\/\/transformaciondigital.supertransporte.gov.co\/#website"},"datePublished":"2025-09-10T10:36:35+00:00","dateModified":"2025-09-10T10:45:21+00:00","breadcrumb":{"@id":"https:\/\/transformaciondigital.supertransporte.gov.co\/index.php\/solicitud-acuerdos-de-pago\/#breadcrumb"},"inLanguage":"es","potentialAction":[{"@type":"ReadAction","target":["https:\/\/transformaciondigital.supertransporte.gov.co\/index.php\/solicitud-acuerdos-de-pago\/"]}]},{"@type":"BreadcrumbList","@id":"https:\/\/transformaciondigital.supertransporte.gov.co\/index.php\/solicitud-acuerdos-de-pago\/#breadcrumb","itemListElement":[{"@type":"ListItem","position":1,"name":"Portada","item":"https:\/\/transformaciondigital.supertransporte.gov.co\/"},{"@type":"ListItem","position":2,"name":"Solicitud acuerdos de pago"}]},{"@type":"WebSite","@id":"https:\/\/transformaciondigital.supertransporte.gov.co\/#website","url":"https:\/\/transformaciondigital.supertransporte.gov.co\/","name":"SuperTransporte Digital","description":"Portal digital de la Superintendencia de Transporte","publisher":{"@id":"https:\/\/transformaciondigital.supertransporte.gov.co\/#organization"},"potentialAction":[{"@type":"SearchAction","target":{"@type":"EntryPoint","urlTemplate":"https:\/\/transformaciondigital.supertransporte.gov.co\/?s={search_term_string}"},"query-input":{"@type":"PropertyValueSpecification","valueRequired":true,"valueName":"search_term_string"}}],"inLanguage":"es"},{"@type":"Organization","@id":"https:\/\/transformaciondigital.supertransporte.gov.co\/#organization","name":"Superintendencia de Transporte","url":"https:\/\/transformaciondigital.supertransporte.gov.co\/","logo":{"@type":"ImageObject","inLanguage":"es","@id":"https:\/\/transformaciondigital.supertransporte.gov.co\/#\/schema\/logo\/image\/","url":"https:\/\/www.supertransporte.gov.co\/wp-content\/uploads\/2019\/02\/Mesa-de-trabajo-2.png","contentUrl":"https:\/\/www.supertransporte.gov.co\/wp-content\/uploads\/2019\/02\/Mesa-de-trabajo-2.png","width":58,"height":58,"caption":"Superintendencia de Transporte"},"image":{"@id":"https:\/\/transformaciondigital.supertransporte.gov.co\/#\/schema\/logo\/image\/"}}]}},"_links":{"self":[{"href":"https:\/\/transformaciondigital.supertransporte.gov.co\/index.php\/wp-json\/wp\/v2\/pages\/33356","targetHints":{"allow":["GET"]}}],"collection":[{"href":"https:\/\/transformaciondigital.supertransporte.gov.co\/index.php\/wp-json\/wp\/v2\/pages"}],"about":[{"href":"https:\/\/transformaciondigital.supertransporte.gov.co\/index.php\/wp-json\/wp\/v2\/types\/page"}],"author":[{"embeddable":true,"href":"https:\/\/transformaciondigital.supertransporte.gov.co\/index.php\/wp-json\/wp\/v2\/users\/11"}],"replies":[{"embeddable":true,"href":"https:\/\/transformaciondigital.supertransporte.gov.co\/index.php\/wp-json\/wp\/v2\/comments?post=33356"}],"version-history":[{"count":4,"href":"https:\/\/transformaciondigital.supertransporte.gov.co\/index.php\/wp-json\/wp\/v2\/pages\/33356\/revisions"}],"predecessor-version":[{"id":33361,"href":"https:\/\/transformaciondigital.supertransporte.gov.co\/index.php\/wp-json\/wp\/v2\/pages\/33356\/revisions\/33361"}],"wp:attachment":[{"href":"https:\/\/transformaciondigital.supertransporte.gov.co\/index.php\/wp-json\/wp\/v2\/media?parent=33356"}],"curies":[{"name":"wp","href":"https:\/\/api.w.org\/{rel}","templated":true}]}}